{"id":6980,"date":"2020-03-24T14:32:56","date_gmt":"2020-03-24T14:32:56","guid":{"rendered":"https:\/\/munkacs-katlic.org.ua\/nyilt-napok\/"},"modified":"2025-03-18T10:46:19","modified_gmt":"2025-03-18T10:46:19","slug":"vidkritij-den","status":"publish","type":"page","link":"https:\/\/munkacs-katlic.org.ua\/uk\/vidkritij-den\/","title":{"rendered":"\u0412\u0456\u0434\u043a\u0440\u0438\u0442\u0438\u0439 \u0434\u0435\u043d\u044c"},"content":{"rendered":"<section class=\"wpb-content-wrapper\"><div id=\"fb-root\"><\/div>\n<p>[vc_row][vc_column][vc_custom_heading text=&#8221;&#8221;][\/vc_column][\/vc_row][vc_row][vc_column][vc_column_text]<a href=\"https:\/\/munkacs-katlic.org.ua\/wp-content\/uploads\/2025\/02\/Nyilt-nap.jpg\"><img decoding=\"async\" loading=\"lazy\" class=\"aligncenter size-full wp-image-6326\" src=\"https:\/\/munkacs-katlic.org.ua\/wp-content\/uploads\/2025\/02\/Nyilt-nap.jpg\" alt=\"\" width=\"600\" height=\"849\" srcset=\"https:\/\/munkacs-katlic.org.ua\/wp-content\/uploads\/2025\/02\/Nyilt-nap.jpg 600w, https:\/\/munkacs-katlic.org.ua\/wp-content\/uploads\/2025\/02\/Nyilt-nap-212x300.jpg 212w, https:\/\/munkacs-katlic.org.ua\/wp-content\/uploads\/2025\/02\/Nyilt-nap-103x146.jpg 103w, https:\/\/munkacs-katlic.org.ua\/wp-content\/uploads\/2025\/02\/Nyilt-nap-35x50.jpg 35w, https:\/\/munkacs-katlic.org.ua\/wp-content\/uploads\/2025\/02\/Nyilt-nap-53x75.jpg 53w\" sizes=\"(max-width: 600px) 100vw, 600px\" \/><\/a><\/p>\n<p><span style=\"font-size: 14pt;\">Szeretettel h\u00edvunk \u00e9s v\u00e1runk minden \u00e9rdekl\u0151d\u0151 di\u00e1kot \u00e9s sz\u00fcl\u0151t a Munk\u00e1csi Szent Istv\u00e1n L\u00edceum ny\u00edlt napj\u00e1ra, amelyre <strong>2025. \u00e1prilis 11-\u00e9n<\/strong> ker\u00fcl sor! Ez egy k\u00fcl\u00f6nleges alkalom, hogy testk\u00f6zelb\u0151l megtapasztalj\u00e1k l\u00edceumunk bar\u00e1ts\u00e1gos, t\u00e1mogat\u00f3 l\u00e9gk\u00f6r\u00e9t \u00e9s bepillant\u00e1st nyerjenek mindennapjainkba.<\/span><\/p>\n<p><span style=\"font-size: 14pt;\">Ny\u00edlt napunkon lehet\u0151s\u00e9g\u00fck lesz megismerkedni a l\u00edceum tan\u00e1raival, di\u00e1kjaival, felfedezni tantermeinket, \u00e9s \u00e1t\u00e9lni azokat az \u00e9lm\u00e9nyeket, amelyek r\u00e1nk jellemz\u0151ek. Rendhagy\u00f3 tan\u00f3r\u00e1kkal \u00e9s izgalmas foglalkoz\u00e1sokkal k\u00e9sz\u00fcl\u00fcnk, hogy ne csak l\u00e1ss\u00e1k, hanem \u00e9rezz\u00e9k is, milyen n\u00e1lunk tanulni.<\/span><\/p>\n<p><span style=\"font-size: 14pt;\">A programot finom eb\u00e9ddel z\u00e1rjuk, amely nem csup\u00e1n egy k\u00f6z\u00f6s \u00e9tkez\u00e9s, hanem egy remek alkalom a k\u00f6tetlen besz\u00e9lget\u00e9sekre, \u00faj kapcsolatok kialak\u00edt\u00e1s\u00e1ra, \u00e9s arra, hogy minden k\u00e9rd\u00e9s\u00fckre v\u00e1laszt kapjanak.<\/span><\/p>\n<p><span style=\"font-size: 14pt;\">A Munk\u00e1csi Szent Istv\u00e1n L\u00edceum szeretettel v\u00e1rja a felv\u00e9teliz\u0151 di\u00e1kokat! 2025. m\u00e1jus 3-\u00e1n 9:00 \u00f3r\u00e1t\u00f3l (k\u00f6z\u00e9p-eur\u00f3pai id\u0151 szerint) konzult\u00e1ci\u00f3s lehet\u0151s\u00e9get biztos\u00edtunk azoknak, akik szeretn\u00e9nek t\u00f6bbet megtudni a felv\u00e9telir\u0151l.<\/span><\/p>\n<p><span style=\"font-size: 14pt;\">A felv\u00e9teli vizsg\u00e1k id\u0151pontja: 2025. m\u00e1jus 17. (szombat), 9:00 \u00f3r\u00e1t\u00f3l (k\u00f6z\u00e9p-eur\u00f3pai id\u0151 szerint).<\/span><\/p>\n<p><span style=\"font-size: 14pt;\">Jelentkezni szem\u00e9lyesen a l\u00edceumban vagy online \u0171rlap kit\u00f6lt\u00e9s\u00e9vel lehet, amely el\u00e9rhet\u0151 itt:<\/span><\/p>\n<p><span style=\"font-size: 14pt;\"> <a href=\"https:\/\/docs.google.com\/forms\/d\/13FZBkc-3ELyQoCmDWnsq_VLMmV7_b_-AQWobKKWZxcw\/edit?pli=1\">https:\/\/docs.google.com\/forms\/d\/13FZBkc-3ELyQoCmDWnsq_VLMmV7_b_-AQWobKKWZxcw\/edit?pli=1<\/a><\/span><\/p>\n<p><span style=\"font-size: 14pt;\">L\u00e1togassanak el hozz\u00e1nk, ismerj\u00e9k meg int\u00e9zm\u00e9ny\u00fcnket, \u00e9s tapasztalj\u00e1k meg, mi\u00e9rt \u00e9rdemes a Munk\u00e1csi Szent Istv\u00e1n L\u00edceum k\u00f6z\u00f6ss\u00e9g\u00e9hez tartozni!<\/span>[\/vc_column_text][\/vc_column][\/vc_row]<\/p>\n<\/section>","protected":false},"excerpt":{"rendered":"<p>[vc_row][vc_column][vc_custom_heading text=&#8221;&#8221;][\/vc_column][\/vc_row][vc_row][vc_column][vc_column_text] Szeretettel h\u00edvunk \u00e9s v\u00e1runk minden \u00e9rdekl\u0151d\u0151 di\u00e1kot \u00e9s sz\u00fcl\u0151t a Munk\u00e1csi Szent Istv\u00e1n L\u00edceum ny\u00edlt napj\u00e1ra, amelyre 2025. \u00e1prilis 11-\u00e9n ker\u00fcl sor! Ez egy<span class=\"excerpt-hellip\"> [\u2026]<\/span><\/p>\n","protected":false},"author":1,"featured_media":0,"parent":0,"menu_order":0,"comment_status":"closed","ping_status":"closed","template":"","meta":{"ngg_post_thumbnail":0},"_links":{"self":[{"href":"https:\/\/munkacs-katlic.org.ua\/uk\/wp-json\/wp\/v2\/pages\/6980"}],"collection":[{"href":"https:\/\/munkacs-katlic.org.ua\/uk\/wp-json\/wp\/v2\/pages"}],"about":[{"href":"https:\/\/munkacs-katlic.org.ua\/uk\/wp-json\/wp\/v2\/types\/page"}],"author":[{"embeddable":true,"href":"https:\/\/munkacs-katlic.org.ua\/uk\/wp-json\/wp\/v2\/users\/1"}],"replies":[{"embeddable":true,"href":"https:\/\/munkacs-katlic.org.ua\/uk\/wp-json\/wp\/v2\/comments?post=6980"}],"version-history":[{"count":2,"href":"https:\/\/munkacs-katlic.org.ua\/uk\/wp-json\/wp\/v2\/pages\/6980\/revisions"}],"predecessor-version":[{"id":6987,"href":"https:\/\/munkacs-katlic.org.ua\/uk\/wp-json\/wp\/v2\/pages\/6980\/revisions\/6987"}],"wp:attachment":[{"href":"https:\/\/munkacs-katlic.org.ua\/uk\/wp-json\/wp\/v2\/media?parent=6980"}],"curies":[{"name":"wp","href":"https:\/\/api.w.org\/{rel}","templated":true}]}}