{"id":6968,"date":"2020-03-18T20:52:34","date_gmt":"2020-03-18T20:52:34","guid":{"rendered":"https:\/\/munkacs-katlic.org.ua\/lelkigyakorlatok\/"},"modified":"2025-03-18T10:43:39","modified_gmt":"2025-03-18T10:43:39","slug":"rekolektsiyi","status":"publish","type":"page","link":"https:\/\/munkacs-katlic.org.ua\/uk\/rekolektsiyi\/","title":{"rendered":"\u0420\u0435\u043a\u043e\u043b\u0435\u043a\u0446\u0456\u0457"},"content":{"rendered":"<section class=\"wpb-content-wrapper\"><div id=\"fb-root\"><\/div>\n<p>[vc_row][vc_column][vc_column_text]<a href=\"https:\/\/munkacs-katlic.org.ua\/wp-content\/uploads\/2024\/01\/lelkigyakorlatok-II-felev.jpg\"><img decoding=\"async\" loading=\"lazy\" class=\"aligncenter size-large wp-image-4567\" src=\"https:\/\/munkacs-katlic.org.ua\/wp-content\/uploads\/2024\/01\/lelkigyakorlatok-II-felev-1024x715.jpg\" alt=\"\" width=\"1024\" height=\"715\" srcset=\"https:\/\/munkacs-katlic.org.ua\/wp-content\/uploads\/2024\/01\/lelkigyakorlatok-II-felev-1024x715.jpg 1024w, https:\/\/munkacs-katlic.org.ua\/wp-content\/uploads\/2024\/01\/lelkigyakorlatok-II-felev-300x209.jpg 300w, https:\/\/munkacs-katlic.org.ua\/wp-content\/uploads\/2024\/01\/lelkigyakorlatok-II-felev-768x536.jpg 768w, https:\/\/munkacs-katlic.org.ua\/wp-content\/uploads\/2024\/01\/lelkigyakorlatok-II-felev-1536x1072.jpg 1536w, https:\/\/munkacs-katlic.org.ua\/wp-content\/uploads\/2024\/01\/lelkigyakorlatok-II-felev-209x146.jpg 209w, https:\/\/munkacs-katlic.org.ua\/wp-content\/uploads\/2024\/01\/lelkigyakorlatok-II-felev-50x35.jpg 50w, https:\/\/munkacs-katlic.org.ua\/wp-content\/uploads\/2024\/01\/lelkigyakorlatok-II-felev-107x75.jpg 107w, https:\/\/munkacs-katlic.org.ua\/wp-content\/uploads\/2024\/01\/lelkigyakorlatok-II-felev.jpg 1600w\" sizes=\"(max-width: 1024px) 100vw, 1024px\" \/><\/a>[\/vc_column_text][\/vc_column][\/vc_row][vc_row][vc_column][vc_custom_heading text=&#8221;&#8221;][\/vc_column][\/vc_row][vc_row][vc_column][vc_column_text]<span style=\"font-size: 14pt;\">L\u00edceumunk alapvet\u0151 c\u00e9lja, hogy tagjait eg\u00e9sz embers\u00e9g\u00fck kibontakoztat\u00e1s\u00e1ban seg\u00edts\u00fck, ez\u00e9rt a tan\u00f3r\u00e1kon, foglalkoz\u00e1sokon k\u00edv\u00fcl minden f\u00e9l\u00e9vben lelkigyakorlatokat szervez\u00fcnk a di\u00e1koknak \u00e9s az alkalmazottaknak egyar\u00e1nt.<\/span><\/p>\n<p><span style=\"font-size: 14pt;\">Ezeken a lelkigyakorlatokon rendszerint kir\u00e1ndulunk, mozgunk, sokat j\u00e1tszunk, pihen\u00fcnk, sz\u00f3rakozunk, besz\u00e9lget\u00fcnk, im\u00e1dkozunk\u2026 Egysz\u00f3val mindent megtesz\u00fcnk, hogy a lehet\u0151 legjobban megismerj\u00fck, megszeress\u00fck egym\u00e1st.<\/span><\/p>\n<p><span style=\"font-size: 14pt;\">Ezek a csal\u00e1dias l\u00e9gk\u00f6r\u0171 alkalmak nagyon sokat seg\u00edtenek abban, hogy n\u00e1lunk mindenki a lehet\u0151 legjobb \u00f6nmag\u00e1v\u00e1 v\u00e1lhasson.<\/span><\/p>\n<p>ngg_shortcode_0_placeholder[\/vc_column_text][\/vc_column][\/vc_row]<\/p>\n<\/section>","protected":false},"excerpt":{"rendered":"<p>[vc_row][vc_column][vc_column_text][\/vc_column_text][\/vc_column][\/vc_row][vc_row][vc_column][vc_custom_heading text=&#8221;&#8221;][\/vc_column][\/vc_row][vc_row][vc_column][vc_column_text]L\u00edceumunk alapvet\u0151 c\u00e9lja, hogy tagjait eg\u00e9sz embers\u00e9g\u00fck kibontakoztat\u00e1s\u00e1ban seg\u00edts\u00fck, ez\u00e9rt a tan\u00f3r\u00e1kon, foglalkoz\u00e1sokon k\u00edv\u00fcl minden f\u00e9l\u00e9vben lelkigyakorlatokat szervez\u00fcnk a di\u00e1koknak \u00e9s az alkalmazottaknak egyar\u00e1nt. Ezeken<span class=\"excerpt-hellip\"> [\u2026]<\/span><\/p>\n","protected":false},"author":1,"featured_media":0,"parent":0,"menu_order":0,"comment_status":"closed","ping_status":"closed","template":"","meta":{"ngg_post_thumbnail":0},"_links":{"self":[{"href":"https:\/\/munkacs-katlic.org.ua\/uk\/wp-json\/wp\/v2\/pages\/6968"}],"collection":[{"href":"https:\/\/munkacs-katlic.org.ua\/uk\/wp-json\/wp\/v2\/pages"}],"about":[{"href":"https:\/\/munkacs-katlic.org.ua\/uk\/wp-json\/wp\/v2\/types\/page"}],"author":[{"embeddable":true,"href":"https:\/\/munkacs-katlic.org.ua\/uk\/wp-json\/wp\/v2\/users\/1"}],"replies":[{"embeddable":true,"href":"https:\/\/munkacs-katlic.org.ua\/uk\/wp-json\/wp\/v2\/comments?post=6968"}],"version-history":[{"count":2,"href":"https:\/\/munkacs-katlic.org.ua\/uk\/wp-json\/wp\/v2\/pages\/6968\/revisions"}],"predecessor-version":[{"id":6976,"href":"https:\/\/munkacs-katlic.org.ua\/uk\/wp-json\/wp\/v2\/pages\/6968\/revisions\/6976"}],"wp:attachment":[{"href":"https:\/\/munkacs-katlic.org.ua\/uk\/wp-json\/wp\/v2\/media?parent=6968"}],"curies":[{"name":"wp","href":"https:\/\/api.w.org\/{rel}","templated":true}]}}