{"id":6964,"date":"2019-11-27T13:23:49","date_gmt":"2019-11-27T13:23:49","guid":{"rendered":"https:\/\/munkacs-katlic.org.ua\/kollegium\/"},"modified":"2025-03-18T10:42:49","modified_gmt":"2025-03-18T10:42:49","slug":"pro-gurtozhitok","status":"publish","type":"page","link":"https:\/\/munkacs-katlic.org.ua\/uk\/pro-gurtozhitok\/","title":{"rendered":"\u041f\u0440\u043e \u0433\u0443\u0440\u0442\u043e\u0436\u0438\u0442\u043e\u043a"},"content":{"rendered":"<section class=\"wpb-content-wrapper\"><div id=\"fb-root\"><\/div>\n<p>[vc_row][vc_column][vc_custom_heading text=&#8221;&#8221;][\/vc_column][\/vc_row][vc_row css=&#8221;.vc_custom_1574349946142{margin-top: 20px !important;}&#8221;][vc_column][vc_column_text]<span style=\"font-size: 14pt;\">L\u00edceumunkban a tanul\u00f3k \u00e9letre nevel\u00e9s\u00e9nek jelent\u0151s r\u00e9sze a koll\u00e9giumban zajlik: minden h\u00e9ten k\u00f6z\u00f6s program a koll\u00e9giumi hittan, foci, szentmise \u00e9s vacsora, \u00e9nekpr\u00f3ba, reggeli \u00e9s esti im\u00e1k, tanul\u00f3i id\u0151k. Ezen k\u00edv\u00fcl \u00e9vente visszat\u00e9r\u0151 programunk van: ford\u00edtott nap, Szent Imre nap, adventi koszor\u00fa k\u00e9sz\u00edt\u00e9s, kar\u00e1csonyi vacsora, Szent Mikl\u00f3s \u00fcnnep, h\u00e1zszentel\u0151, locsolkod\u00e1s, \u00e9vz\u00e1r\u00f3 g\u00e1la\u2026<\/span><\/p>\n<p><span style=\"font-size: 14pt;\">Programjaink seg\u00edtenek, hogy a gyerekek csal\u00e1dias, t\u00e1mogat\u00f3 k\u00f6rnyezetben \u00e9lhessenek, s ott tanulj\u00e1k meg a nevel\u0151ink seg\u00edts\u00e9g\u00e9vel az egy\u00fctt\u00e9l\u00e9st, az egym\u00e1shoz val\u00f3 alkalmazkod\u00e1st, a gondoskod\u00e1st az \u00e9let t\u00e1rsas\u00e1gi sz\u00edntereir\u0151l, \u00f6nmaguk ell\u00e1t\u00e1s\u00e1t, a takar\u00edt\u00e1st, a rend fenntart\u00e1s\u00e1t, a szabadid\u0151 okos felhaszn\u00e1l\u00e1s\u00e1t\u2026 Belek\u00f3stolhatnak a k\u00fcl\u00f6nb\u00f6z\u0151 h\u00e1zimunk\u00e1kba, felk\u00e9sz\u00fclhetnek az \u00e9let legk\u00fcl\u00f6nf\u00e9l\u00e9bb kih\u00edv\u00e1saira.<\/span><\/p>\n<p><span style=\"font-size: 14pt;\">Legyen a koll\u00e9giumunk a m\u00e1sodik otthonod Munk\u00e1cs sz\u00edv\u00e9ben!<\/span><\/p>\n<p>ngg_shortcode_0_placeholder[\/vc_column_text][\/vc_column][\/vc_row]<\/p>\n<\/section>","protected":false},"excerpt":{"rendered":"<p>[vc_row][vc_column][vc_custom_heading text=&#8221;&#8221;][\/vc_column][\/vc_row][vc_row css=&#8221;.vc_custom_1574349946142{margin-top: 20px !important;}&#8221;][vc_column][vc_column_text]L\u00edceumunkban a tanul\u00f3k \u00e9letre nevel\u00e9s\u00e9nek jelent\u0151s r\u00e9sze a koll\u00e9giumban zajlik: minden h\u00e9ten k\u00f6z\u00f6s program a koll\u00e9giumi hittan, foci, szentmise \u00e9s vacsora, \u00e9nekpr\u00f3ba,<span class=\"excerpt-hellip\"> [\u2026]<\/span><\/p>\n","protected":false},"author":1,"featured_media":0,"parent":0,"menu_order":0,"comment_status":"closed","ping_status":"closed","template":"","meta":{"ngg_post_thumbnail":0},"_links":{"self":[{"href":"https:\/\/munkacs-katlic.org.ua\/uk\/wp-json\/wp\/v2\/pages\/6964"}],"collection":[{"href":"https:\/\/munkacs-katlic.org.ua\/uk\/wp-json\/wp\/v2\/pages"}],"about":[{"href":"https:\/\/munkacs-katlic.org.ua\/uk\/wp-json\/wp\/v2\/types\/page"}],"author":[{"embeddable":true,"href":"https:\/\/munkacs-katlic.org.ua\/uk\/wp-json\/wp\/v2\/users\/1"}],"replies":[{"embeddable":true,"href":"https:\/\/munkacs-katlic.org.ua\/uk\/wp-json\/wp\/v2\/comments?post=6964"}],"version-history":[{"count":2,"href":"https:\/\/munkacs-katlic.org.ua\/uk\/wp-json\/wp\/v2\/pages\/6964\/revisions"}],"predecessor-version":[{"id":6974,"href":"https:\/\/munkacs-katlic.org.ua\/uk\/wp-json\/wp\/v2\/pages\/6964\/revisions\/6974"}],"wp:attachment":[{"href":"https:\/\/munkacs-katlic.org.ua\/uk\/wp-json\/wp\/v2\/media?parent=6964"}],"curies":[{"name":"wp","href":"https:\/\/api.w.org\/{rel}","templated":true}]}}